{"id":182,"date":"2025-07-24T19:59:17","date_gmt":"2025-07-24T19:59:17","guid":{"rendered":"https:\/\/zobnapns.si\/?page_id=182"},"modified":"2026-05-12T16:52:06","modified_gmt":"2026-05-12T16:52:06","slug":"zobozdravstvo-pns","status":"publish","type":"page","link":"https:\/\/zobnapns.si\/","title":{"rendered":"Zobozdravstvo PNS"},"content":{"rendered":"\t\t<div data-elementor-type=\"wp-page\" data-elementor-id=\"182\" class=\"elementor elementor-182\" data-elementor-post-type=\"page\">\n\t\t\t\t<div class=\"elementor-element elementor-element-85601ca e-flex e-con-boxed e-con e-parent\" data-id=\"85601ca\" data-element_type=\"container\" data-e-type=\"container\">\n\t\t\t\t\t<div class=\"e-con-inner\">\n\t\t\t\t\t<\/div>\n\t\t\t\t<\/div>\n\t\t<div class=\"elementor-element elementor-element-5aacb12 e-flex e-con-boxed e-con e-parent\" data-id=\"5aacb12\" data-element_type=\"container\" data-e-type=\"container\">\n\t\t\t\t\t<div class=\"e-con-inner\">\n\t\t<div class=\"elementor-element elementor-element-2c49081 e-con-full e-flex e-con e-child\" data-id=\"2c49081\" data-element_type=\"container\" data-e-type=\"container\">\n\t\t\t\t<div class=\"elementor-element elementor-element-dc1cc07 elementor-widget elementor-widget-heading\" data-id=\"dc1cc07\" data-element_type=\"widget\" data-e-type=\"widget\" data-widget_type=\"heading.default\">\n\t\t\t\t\t<h2 class=\"elementor-heading-title elementor-size-default\">\u010cAKALNE DOBE MAJ 2026<\/h2>\t\t\t\t<\/div>\n\t\t\t\t<div class=\"elementor-element elementor-element-9c9539b elementor-widget elementor-widget-text-editor\" data-id=\"9c9539b\" data-element_type=\"widget\" data-e-type=\"widget\" data-widget_type=\"text-editor.default\">\n\t\t\t\t\t\t\t\t\t<p>Prvi pregled: 270 dni<\/p>\n<p>konzervativa: 290 dni&nbsp;<\/p>\n<p>zdravljenje: 110 dni<\/p>\n<p>Protetika po zaklju\u010deni sanaciji 140 dni<\/p>\n<p>\u0160tevilo opredeljenih pacientov na dan, 01. 05. 2026: 2034<\/p>\t\t\t\t\t\t\t\t<\/div>\n\t\t\t\t<\/div>\n\t\t\t\t\t<\/div>\n\t\t\t\t<\/div>\n\t\t<div class=\"elementor-element elementor-element-9bedee3 e-flex e-con-boxed e-con e-parent\" data-id=\"9bedee3\" data-element_type=\"container\" data-e-type=\"container\">\n\t\t\t\t\t<div class=\"e-con-inner\">\n\t\t\t\t<div class=\"elementor-element elementor-element-e32456f elementor-widget elementor-widget-heading\" data-id=\"e32456f\" data-element_type=\"widget\" data-e-type=\"widget\" data-widget_type=\"heading.default\">\n\t\t\t\t\t<h2 class=\"elementor-heading-title elementor-size-default\">OBVEZNO NARO\u010cANJE<\/h2>\t\t\t\t<\/div>\n\t\t\t\t<div class=\"elementor-element elementor-element-540ae5a elementor-widget elementor-widget-text-editor\" data-id=\"540ae5a\" data-element_type=\"widget\" data-e-type=\"widget\" data-widget_type=\"text-editor.default\">\n\t\t\t\t\t\t\t\t\t<p>Za pregled oz. poseg pri zobozdravniku se je potrebno predhodno <strong>NARO\u010cITI : <\/strong><\/p><ul><li>osebno v ambulanti<\/li><li>preko telefona ali<\/li><li>el. naslova.<\/li><\/ul><p>V \u010dasu naro\u010danja v ambulanti poteka redno delo, zato se lahko zgodi, da ne bomo takoj dosegljivi na va\u0161 klic.\u00a0<\/p><p>Zahvaljujemo se za razumevanje.<\/p><p>Odgovorna oseba za naro\u010danje in vodenje \u010dakalnih knjig: <strong>Pija Javornik<\/strong><\/p>\t\t\t\t\t\t\t\t<\/div>\n\t\t\t\t\t<\/div>\n\t\t\t\t<\/div>\n\t\t<div class=\"elementor-element elementor-element-b0db07a e-flex e-con-boxed e-con e-parent\" data-id=\"b0db07a\" data-element_type=\"container\" data-e-type=\"container\">\n\t\t\t\t\t<div class=\"e-con-inner\">\n\t\t\t\t<div class=\"elementor-element elementor-element-778df1e elementor-widget__width-initial elementor-widget elementor-widget-heading\" data-id=\"778df1e\" data-element_type=\"widget\" data-e-type=\"widget\" data-widget_type=\"heading.default\">\n\t\t\t\t\t<h2 class=\"elementor-heading-title elementor-size-default\">Delovni \u010das:<\/h2>\t\t\t\t<\/div>\n\t\t\t\t<div class=\"elementor-element elementor-element-3803790 elementor-widget elementor-widget-text-editor\" data-id=\"3803790\" data-element_type=\"widget\" data-e-type=\"widget\" data-widget_type=\"text-editor.default\">\n\t\t\t\t\t\t\t\t\t<p><strong>Ponedeljek:\u00a0 \u00a013:00 &#8211; 20:00<\/strong><\/p><p><strong>Torek:\u00a0 \u00a0 \u00a0 \u00a0 \u00a0 \u00a0 \u00a007:00 &#8211; 13:30<\/strong><\/p><p><strong>Sreda:\u00a0 \u00a0 \u00a0 \u00a0 \u00a0 \u00a0 \u00a007:00 &#8211; 13:30 <\/strong><\/p><p><strong>\u010cetrtek:\u00a0 \u00a0 \u00a0 \u00a0 \u00a012:00 &#8211; 18:30 <\/strong><\/p><p><strong>Petek:\u00a0 \u00a0 \u00a0 \u00a0 \u00a0 \u00a0 \u00a007:00 &#8211; 13:00<\/strong><\/p>\t\t\t\t\t\t\t\t<\/div>\n\t\t\t\t\t<\/div>\n\t\t\t\t<\/div>\n\t\t<div class=\"elementor-element elementor-element-8b5b1eb e-flex e-con-boxed e-con e-parent\" data-id=\"8b5b1eb\" data-element_type=\"container\" data-e-type=\"container\">\n\t\t\t\t\t<div class=\"e-con-inner\">\n\t\t\t\t<div class=\"elementor-element elementor-element-bcc074a elementor-widget elementor-widget-heading\" data-id=\"bcc074a\" data-element_type=\"widget\" data-e-type=\"widget\" data-widget_type=\"heading.default\">\n\t\t\t\t\t<h2 class=\"elementor-heading-title elementor-size-default\">Nujna stanja v zobozdravstvu!<\/h2>\t\t\t\t<\/div>\n\t\t\t\t<div class=\"elementor-element elementor-element-c254ff8 elementor-widget elementor-widget-text-editor\" data-id=\"c254ff8\" data-element_type=\"widget\" data-e-type=\"widget\" data-widget_type=\"text-editor.default\">\n\t\t\t\t\t\t\t\t\t<p>V Zobozdravstvu PNS se zavedamo, da lahko dolo\u010dene zobozdravstvene te\u017eave zahtevajo takoj\u0161njo obravnavo. V nadaljevanju vam predstavljamo, kaj sodi pod nujna stanja, pri katerih je priporo\u010dljivo \u010dim prej poiskati pomo\u010d zobozdravnika.<\/p><p><strong>Kaj spada pod nujne primere?<\/strong><\/p><p>Mo\u010dan in vztrajen zobobol, ki ga po treh dneh jemanja analgetika ni mogo\u010de omiliti.<\/p><p>Akutna vnetja, ki se ka\u017eejo kot oteklina, ote\u017eeno odpiranje ust (trismus), te\u017eave pri po\u017eiranju ali povi\u0161ana telesna temperatura.<\/p><p>Mo\u010dne krvavitve iz ustne votline, na primer po puljenju zoba ali po\u0161kodbi, ki se same ne ustavijo.<\/p><p>Po\u0161kodbe zob in ustne votline, kot so izbit, zlomljen ali mo\u010dno po\u0161kodovan zob.<\/p><p data-start=\"0\" data-end=\"178\">Vljudno vas prosimo, da v primeru :\u00a0\u00a0<\/p><ul data-start=\"180\" data-end=\"849\"><li data-start=\"180\" data-end=\"303\"><p data-start=\"182\" data-end=\"303\"><strong data-start=\"182\" data-end=\"211\">Akutne nalezljive bolezni<\/strong>: prehlad, izcedek iz nosu, gripa, angina, covid-19, <strong>herpes na ustnici in ustni votlini<\/strong><\/p><\/li><li data-start=\"304\" data-end=\"364\"><p data-start=\"306\" data-end=\"364\"><strong data-start=\"306\" data-end=\"338\">Povi\u0161ane telesne temperature<\/strong>\u00a0<\/p><\/li><li data-start=\"477\" data-end=\"576\"><p data-start=\"479\" data-end=\"576\"><strong data-start=\"479\" data-end=\"520\">Nedavne operacije ali hospitalizacije<\/strong>, kjer zobozdravstveni poseg predstavlja dodatno tveganje<\/p><\/li><\/ul><p><b>prestavite obisk v na\u0161i ambulanti<\/b>, ker bi lahko poseg\u00a0povzro\u010dil <strong data-start=\"939\" data-end=\"975\">poslab\u0161anje va\u0161ega zdravstvenega stanja<\/strong> ali pove\u010dal tveganje za morebitne zaplete.<\/p><p>\u00a0<\/p><p><em>Polona Nonar Steble, dr. dent. med<\/em>.<\/p>\t\t\t\t\t\t\t\t<\/div>\n\t\t\t\t\t<\/div>\n\t\t\t\t<\/div>\n\t\t<div class=\"elementor-element elementor-element-44a5507 e-flex e-con-boxed e-con e-parent\" data-id=\"44a5507\" data-element_type=\"container\" data-e-type=\"container\">\n\t\t\t\t\t<div class=\"e-con-inner\">\n\t\t\t\t<div class=\"elementor-element elementor-element-dff9831 elementor-widget elementor-widget-text-editor\" data-id=\"dff9831\" data-element_type=\"widget\" data-e-type=\"widget\" data-widget_type=\"text-editor.default\">\n\t\t\t\t\t\t\t\t\t<p>Lorem ipsum dolor sit amet, consectetur adipiscing elit. Ut elit tellus, luctus nec ullamcorper mattis, pulvinar dapibus leo.<\/p>\t\t\t\t\t\t\t\t<\/div>\n\t\t\t\t\t<\/div>\n\t\t\t\t<\/div>\n\t\t\t\t<\/div>\n\t\t","protected":false},"excerpt":{"rendered":"<p>\u010cAKALNE DOBE MAJ 2026 Prvi pregled: 270 dni konzervativa: 290 dni&nbsp; zdravljenje: 110 dni Protetika po zaklju\u010deni sanaciji 140 dni \u0160tevilo opredeljenih pacientov na dan, 01. 05. 2026: 2034 OBVEZNO &#8230;<\/p>\n","protected":false},"author":1,"featured_media":0,"parent":0,"menu_order":0,"comment_status":"closed","ping_status":"closed","template":"elementor_canvas","meta":{"footnotes":""},"class_list":["post-182","page","type-page","status-publish","hentry"],"yoast_head":"<!-- This site is optimized with the Yoast SEO plugin v27.6 - https:\/\/yoast.com\/product\/yoast-seo-wordpress\/ -->\n<title>Zobozdravstvo Vitanje: Pomembne informacije -<\/title>\n<meta name=\"description\" content=\"Odkrijte Zobozdravstvo Vitanje in se naro\u010dite za pregled preko telefona ali e-po\u0161te. \u010cakamo vas!\" \/>\n<meta name=\"robots\" content=\"index, follow, max-snippet:-1, max-image-preview:large, max-video-preview:-1\" \/>\n<link rel=\"canonical\" href=\"https:\/\/zobnapns.si\/\" \/>\n<meta property=\"og:locale\" content=\"sl_SI\" \/>\n<meta property=\"og:type\" content=\"article\" \/>\n<meta property=\"og:title\" content=\"Zobozdravstvo Vitanje: Pomembne informacije -\" \/>\n<meta property=\"og:description\" content=\"Odkrijte Zobozdravstvo Vitanje in se naro\u010dite za pregled preko telefona ali e-po\u0161te. \u010cakamo vas!\" \/>\n<meta property=\"og:url\" content=\"https:\/\/zobnapns.si\/\" \/>\n<meta property=\"article:modified_time\" content=\"2026-05-12T16:52:06+00:00\" \/>\n<meta name=\"twitter:card\" content=\"summary_large_image\" \/>\n<meta name=\"twitter:label1\" content=\"Est. reading time\" \/>\n\t<meta name=\"twitter:data1\" content=\"2 minuti\" \/>\n<script type=\"application\/ld+json\" class=\"yoast-schema-graph\">{\"@context\":\"https:\\\/\\\/schema.org\",\"@graph\":[{\"@type\":\"WebPage\",\"@id\":\"https:\\\/\\\/zobnapns.si\\\/\",\"url\":\"https:\\\/\\\/zobnapns.si\\\/\",\"name\":\"Zobozdravstvo Vitanje: Pomembne informacije -\",\"isPartOf\":{\"@id\":\"https:\\\/\\\/zobnapns.si\\\/#website\"},\"datePublished\":\"2025-07-24T19:59:17+00:00\",\"dateModified\":\"2026-05-12T16:52:06+00:00\",\"description\":\"Odkrijte Zobozdravstvo Vitanje in se naro\u010dite za pregled preko telefona ali e-po\u0161te. \u010cakamo vas!\",\"breadcrumb\":{\"@id\":\"https:\\\/\\\/zobnapns.si\\\/#breadcrumb\"},\"inLanguage\":\"sl-SI\",\"potentialAction\":[{\"@type\":\"ReadAction\",\"target\":[\"https:\\\/\\\/zobnapns.si\\\/\"]}]},{\"@type\":\"BreadcrumbList\",\"@id\":\"https:\\\/\\\/zobnapns.si\\\/#breadcrumb\",\"itemListElement\":[{\"@type\":\"ListItem\",\"position\":1,\"name\":\"Home\",\"item\":\"https:\\\/\\\/zobnapns.si\\\/\"},{\"@type\":\"ListItem\",\"position\":2,\"name\":\"Zobozdravstvo PNS\"}]},{\"@type\":\"WebSite\",\"@id\":\"https:\\\/\\\/zobnapns.si\\\/#website\",\"url\":\"https:\\\/\\\/zobnapns.si\\\/\",\"name\":\"\",\"description\":\"\",\"potentialAction\":[{\"@type\":\"SearchAction\",\"target\":{\"@type\":\"EntryPoint\",\"urlTemplate\":\"https:\\\/\\\/zobnapns.si\\\/?s={search_term_string}\"},\"query-input\":{\"@type\":\"PropertyValueSpecification\",\"valueRequired\":true,\"valueName\":\"search_term_string\"}}],\"inLanguage\":\"sl-SI\"}]}<\/script>\n<!-- \/ Yoast SEO plugin. -->","yoast_head_json":{"title":"Zobozdravstvo Vitanje: Pomembne informacije -","description":"Odkrijte Zobozdravstvo Vitanje in se naro\u010dite za pregled preko telefona ali e-po\u0161te. \u010cakamo vas!","robots":{"index":"index","follow":"follow","max-snippet":"max-snippet:-1","max-image-preview":"max-image-preview:large","max-video-preview":"max-video-preview:-1"},"canonical":"https:\/\/zobnapns.si\/","og_locale":"sl_SI","og_type":"article","og_title":"Zobozdravstvo Vitanje: Pomembne informacije -","og_description":"Odkrijte Zobozdravstvo Vitanje in se naro\u010dite za pregled preko telefona ali e-po\u0161te. \u010cakamo vas!","og_url":"https:\/\/zobnapns.si\/","article_modified_time":"2026-05-12T16:52:06+00:00","twitter_card":"summary_large_image","twitter_misc":{"Est. reading time":"2 minuti"},"schema":{"@context":"https:\/\/schema.org","@graph":[{"@type":"WebPage","@id":"https:\/\/zobnapns.si\/","url":"https:\/\/zobnapns.si\/","name":"Zobozdravstvo Vitanje: Pomembne informacije -","isPartOf":{"@id":"https:\/\/zobnapns.si\/#website"},"datePublished":"2025-07-24T19:59:17+00:00","dateModified":"2026-05-12T16:52:06+00:00","description":"Odkrijte Zobozdravstvo Vitanje in se naro\u010dite za pregled preko telefona ali e-po\u0161te. \u010cakamo vas!","breadcrumb":{"@id":"https:\/\/zobnapns.si\/#breadcrumb"},"inLanguage":"sl-SI","potentialAction":[{"@type":"ReadAction","target":["https:\/\/zobnapns.si\/"]}]},{"@type":"BreadcrumbList","@id":"https:\/\/zobnapns.si\/#breadcrumb","itemListElement":[{"@type":"ListItem","position":1,"name":"Home","item":"https:\/\/zobnapns.si\/"},{"@type":"ListItem","position":2,"name":"Zobozdravstvo PNS"}]},{"@type":"WebSite","@id":"https:\/\/zobnapns.si\/#website","url":"https:\/\/zobnapns.si\/","name":"","description":"","potentialAction":[{"@type":"SearchAction","target":{"@type":"EntryPoint","urlTemplate":"https:\/\/zobnapns.si\/?s={search_term_string}"},"query-input":{"@type":"PropertyValueSpecification","valueRequired":true,"valueName":"search_term_string"}}],"inLanguage":"sl-SI"}]}},"_links":{"self":[{"href":"https:\/\/zobnapns.si\/index.php?rest_route=\/wp\/v2\/pages\/182","targetHints":{"allow":["GET"]}}],"collection":[{"href":"https:\/\/zobnapns.si\/index.php?rest_route=\/wp\/v2\/pages"}],"about":[{"href":"https:\/\/zobnapns.si\/index.php?rest_route=\/wp\/v2\/types\/page"}],"author":[{"embeddable":true,"href":"https:\/\/zobnapns.si\/index.php?rest_route=\/wp\/v2\/users\/1"}],"replies":[{"embeddable":true,"href":"https:\/\/zobnapns.si\/index.php?rest_route=%2Fwp%2Fv2%2Fcomments&post=182"}],"version-history":[{"count":307,"href":"https:\/\/zobnapns.si\/index.php?rest_route=\/wp\/v2\/pages\/182\/revisions"}],"predecessor-version":[{"id":608,"href":"https:\/\/zobnapns.si\/index.php?rest_route=\/wp\/v2\/pages\/182\/revisions\/608"}],"wp:attachment":[{"href":"https:\/\/zobnapns.si\/index.php?rest_route=%2Fwp%2Fv2%2Fmedia&parent=182"}],"curies":[{"name":"wp","href":"https:\/\/api.w.org\/{rel}","templated":true}]}}